{"id":1431,"date":"2025-10-14T22:24:02","date_gmt":"2025-10-14T22:24:02","guid":{"rendered":"https:\/\/voidcr.com\/?page_id=1431"},"modified":"2026-02-25T18:25:12","modified_gmt":"2026-02-25T18:25:12","slug":"philosophy","status":"publish","type":"page","link":"https:\/\/voidcr.com\/es\/philosophy\/","title":{"rendered":"Filosof\u00eda"},"content":{"rendered":"<div data-elementor-type=\"wp-page\" data-elementor-id=\"1431\" class=\"elementor elementor-1431\" data-elementor-post-type=\"page\">\n\t\t\t\t<div class=\"elementor-element elementor-element-11985fb e-flex e-con-boxed elementor-invisible e-con e-parent\" data-id=\"11985fb\" data-element_type=\"container\" data-e-type=\"container\" data-settings=\"{&quot;animation&quot;:&quot;fadeIn&quot;}\">\n\t\t\t\t\t<div class=\"e-con-inner\">\n\t\t<div class=\"elementor-element elementor-element-3077e39 e-con-full e-flex e-con e-child\" data-id=\"3077e39\" data-element_type=\"container\" data-e-type=\"container\">\n\t\t<div class=\"elementor-element elementor-element-55e176e e-con-full elementor-hidden-mobile e-flex e-con e-child\" data-id=\"55e176e\" data-element_type=\"container\" data-e-type=\"container\">\n\t\t\t\t<\/div>\n\t\t<div class=\"elementor-element elementor-element-0ed434d e-con-full e-flex e-con e-child\" data-id=\"0ed434d\" data-element_type=\"container\" data-e-type=\"container\">\n\t\t\t\t<div class=\"elementor-element elementor-element-040d873 elementor-widget elementor-widget-n-accordion\" data-id=\"040d873\" data-element_type=\"widget\" data-e-type=\"widget\" data-settings=\"{&quot;default_state&quot;:&quot;expanded&quot;,&quot;max_items_expended&quot;:&quot;one&quot;,&quot;n_accordion_animation_duration&quot;:{&quot;unit&quot;:&quot;ms&quot;,&quot;size&quot;:400,&quot;sizes&quot;:[]}}\" data-widget_type=\"nested-accordion.default\">\n\t\t\t\t\t\t\t<div class=\"e-n-accordion\" aria-label=\"Accordion. Open links with Enter or Space, close with Escape, and navigate with Arrow Keys\">\n\t\t\t\t\t\t<details id=\"e-n-accordion-item-4240\" class=\"e-n-accordion-item\" open>\n\t\t\t\t<summary class=\"e-n-accordion-item-title\" data-accordion-index=\"1\" tabindex=\"0\" aria-expanded=\"true\" aria-controls=\"e-n-accordion-item-4240\" >\n\t\t\t\t\t<span class='e-n-accordion-item-title-header'><div class=\"e-n-accordion-item-title-text\"> REGENERATIVO <\/div><\/span>\n\t\t\t\t\t\t\t<span class='e-n-accordion-item-title-icon'>\n\t\t\t<span class='e-opened' ><svg aria-hidden=\"true\" class=\"e-font-icon-svg e-fas-minus\" viewbox=\"0 0 448 512\" xmlns=\"http:\/\/www.w3.org\/2000\/svg\"><path d=\"M416 208H32c-17.67 0-32 14.33-32 32v32c0 17.67 14.33 32 32 32h384c17.67 0 32-14.33 32-32v-32c0-17.67-14.33-32-32-32z\"><\/path><\/svg><\/span>\n\t\t\t<span class='e-closed'><svg aria-hidden=\"true\" class=\"e-font-icon-svg e-fas-plus\" viewbox=\"0 0 448 512\" xmlns=\"http:\/\/www.w3.org\/2000\/svg\"><path d=\"M416 208H272V64c0-17.67-14.33-32-32-32h-32c-17.67 0-32 14.33-32 32v144H32c-17.67 0-32 14.33-32 32v32c0 17.67 14.33 32 32 32h144v144c0 17.67 14.33 32 32 32h32c17.67 0 32-14.33 32-32V304h144c17.67 0 32-14.33 32-32v-32c0-17.67-14.33-32-32-32z\"><\/path><\/svg><\/span>\n\t\t<\/span>\n\n\t\t\t\t\t\t<\/summary>\n\t\t\t\t<div role=\"region\" aria-labelledby=\"e-n-accordion-item-4240\" class=\"elementor-element elementor-element-c70a2ca e-con-full e-flex e-con e-child\" data-id=\"c70a2ca\" data-element_type=\"container\" data-e-type=\"container\">\n\t\t\t\t<div class=\"elementor-element elementor-element-e7aebf8 elementor-widget__width-initial elementor-widget elementor-widget-heading\" data-id=\"e7aebf8\" data-element_type=\"widget\" data-e-type=\"widget\" data-widget_type=\"heading.default\">\n\t\t\t\t\t<h2 class=\"elementor-heading-title elementor-size-default\">Dando forma al futuro de la sostenibilidad.<\/h2>\t\t\t\t<\/div>\n\t\t\t\t<div class=\"elementor-element elementor-element-b7609ae elementor-widget elementor-widget-text-editor\" data-id=\"b7609ae\" data-element_type=\"widget\" data-e-type=\"widget\" data-widget_type=\"text-editor.default\">\n\t\t\t\t\t\t\t\t\t<p>La sostenibilidad, en su forma tradicional, se ha convertido en un m\u00ednimo necesario: reducir el impacto, minimizar el da\u00f1o. Pero sabemos que eso no es suficiente.<\/p><p>Dise\u00f1amos para devolver m\u00e1s de lo que tomamos, para fortalecer los ecosistemas, restaurar paisajes y generar entornos urbanos que sean resilientes y equitativos. Este compromiso implica repensar cada decisi\u00f3n de dise\u00f1o, desde la selecci\u00f3n de materiales hasta la integraci\u00f3n con el territorio y las comunidades.<\/p><p>A trav\u00e9s de procesos multidisciplinarios y un pensamiento redefinido, exploramos estrategias innovadoras que nos permitan dise\u00f1ar con conciencia y convicci\u00f3n, reconociendo la complejidad de cada contexto.<\/p>\t\t\t\t\t\t\t\t<\/div>\n\t\t\t\t<\/div>\n\t\t\t\t\t<\/details>\n\t\t\t\t\t<\/div>\n\t\t\t\t\t\t<\/div>\n\t\t\t\t<\/div>\n\t\t\t\t<\/div>\n\t\t\t\t\t<\/div>\n\t\t\t\t<\/div>\n\t\t<div class=\"elementor-element elementor-element-76204c2 e-flex e-con-boxed elementor-invisible e-con e-parent\" data-id=\"76204c2\" data-element_type=\"container\" data-e-type=\"container\" data-settings=\"{&quot;animation&quot;:&quot;fadeIn&quot;}\">\n\t\t\t\t\t<div class=\"e-con-inner\">\n\t\t<div class=\"elementor-element elementor-element-9afd55e e-con-full e-flex e-con e-child\" data-id=\"9afd55e\" data-element_type=\"container\" data-e-type=\"container\">\n\t\t<div class=\"elementor-element elementor-element-a7e5f09 e-con-full elementor-hidden-mobile e-flex e-con e-child\" data-id=\"a7e5f09\" data-element_type=\"container\" data-e-type=\"container\">\n\t\t\t\t<\/div>\n\t\t<div class=\"elementor-element elementor-element-8550a5d e-con-full e-flex e-con e-child\" data-id=\"8550a5d\" data-element_type=\"container\" data-e-type=\"container\">\n\t\t\t\t<div class=\"elementor-element elementor-element-14ca5cb elementor-widget elementor-widget-n-accordion\" data-id=\"14ca5cb\" data-element_type=\"widget\" data-e-type=\"widget\" data-settings=\"{&quot;default_state&quot;:&quot;all_collapsed&quot;,&quot;max_items_expended&quot;:&quot;one&quot;,&quot;n_accordion_animation_duration&quot;:{&quot;unit&quot;:&quot;ms&quot;,&quot;size&quot;:400,&quot;sizes&quot;:[]}}\" data-widget_type=\"nested-accordion.default\">\n\t\t\t\t\t\t\t<div class=\"e-n-accordion\" aria-label=\"Accordion. Open links with Enter or Space, close with Escape, and navigate with Arrow Keys\">\n\t\t\t\t\t\t<details id=\"e-n-accordion-item-2180\" class=\"e-n-accordion-item\" >\n\t\t\t\t<summary class=\"e-n-accordion-item-title\" data-accordion-index=\"1\" tabindex=\"0\" aria-expanded=\"false\" aria-controls=\"e-n-accordion-item-2180\" >\n\t\t\t\t\t<span class='e-n-accordion-item-title-header'><div class=\"e-n-accordion-item-title-text\"> EMERGENTE <\/div><\/span>\n\t\t\t\t\t\t\t<span class='e-n-accordion-item-title-icon'>\n\t\t\t<span class='e-opened' ><svg aria-hidden=\"true\" class=\"e-font-icon-svg e-fas-minus\" viewbox=\"0 0 448 512\" xmlns=\"http:\/\/www.w3.org\/2000\/svg\"><path d=\"M416 208H32c-17.67 0-32 14.33-32 32v32c0 17.67 14.33 32 32 32h384c17.67 0 32-14.33 32-32v-32c0-17.67-14.33-32-32-32z\"><\/path><\/svg><\/span>\n\t\t\t<span class='e-closed'><svg aria-hidden=\"true\" class=\"e-font-icon-svg e-fas-plus\" viewbox=\"0 0 448 512\" xmlns=\"http:\/\/www.w3.org\/2000\/svg\"><path d=\"M416 208H272V64c0-17.67-14.33-32-32-32h-32c-17.67 0-32 14.33-32 32v144H32c-17.67 0-32 14.33-32 32v32c0 17.67 14.33 32 32 32h144v144c0 17.67 14.33 32 32 32h32c17.67 0 32-14.33 32-32V304h144c17.67 0 32-14.33 32-32v-32c0-17.67-14.33-32-32-32z\"><\/path><\/svg><\/span>\n\t\t<\/span>\n\n\t\t\t\t\t\t<\/summary>\n\t\t\t\t<div role=\"region\" aria-labelledby=\"e-n-accordion-item-2180\" class=\"elementor-element elementor-element-fbeeacd e-con-full e-flex e-con e-child\" data-id=\"fbeeacd\" data-element_type=\"container\" data-e-type=\"container\">\n\t\t\t\t<div class=\"elementor-element elementor-element-3e89ddc elementor-widget__width-initial elementor-widget elementor-widget-heading\" data-id=\"3e89ddc\" data-element_type=\"widget\" data-e-type=\"widget\" data-widget_type=\"heading.default\">\n\t\t\t\t\t<h2 class=\"elementor-heading-title elementor-size-default\">Dominando procesos inmersivos.<\/h2>\t\t\t\t<\/div>\n\t\t\t\t<div class=\"elementor-element elementor-element-14b209f elementor-widget elementor-widget-text-editor\" data-id=\"14b209f\" data-element_type=\"widget\" data-e-type=\"widget\" data-widget_type=\"text-editor.default\">\n\t\t\t\t\t\t\t\t\t<p>Cada proyecto es una oportunidad para aprender y redefinir lo que creemos saber. Por eso, trabajamos con una mentalidad de principiante, manteni\u00e9ndonos abiertos a nuevas perspectivas y evitando soluciones predeterminadas. Nuestro enfoque es inmersivo y colaborativo: realizamos an\u00e1lisis bioclim\u00e1ticos detallados, estudios de factibilidad y exploraciones experimentales que nos permiten descubrir las oportunidades de cada sitio.<\/p><p>No imponemos ideas; las descubrimos. Nos sumergimos en la identidad del lugar, investigamos los sistemas naturales y culturales que lo conforman, trabajamos con expertos locales para comprender el territorio que trabajamos. Creemos que este proceso no solo enriquece el dise\u00f1o, sino que tambi\u00e9n nos permite desarrollar estrategias que optimicen los recursos y maximicen el impacto positivo.<\/p>\t\t\t\t\t\t\t\t<\/div>\n\t\t\t\t<\/div>\n\t\t\t\t\t<\/details>\n\t\t\t\t\t<\/div>\n\t\t\t\t\t\t<\/div>\n\t\t\t\t<\/div>\n\t\t\t\t<\/div>\n\t\t\t\t\t<\/div>\n\t\t\t\t<\/div>\n\t\t<div class=\"elementor-element elementor-element-4ece073 e-flex e-con-boxed elementor-invisible e-con e-parent\" data-id=\"4ece073\" data-element_type=\"container\" data-e-type=\"container\" data-settings=\"{&quot;animation&quot;:&quot;fadeIn&quot;}\">\n\t\t\t\t\t<div class=\"e-con-inner\">\n\t\t<div class=\"elementor-element elementor-element-5d6891a e-con-full e-flex e-con e-child\" data-id=\"5d6891a\" data-element_type=\"container\" data-e-type=\"container\">\n\t\t<div class=\"elementor-element elementor-element-f90745b e-con-full elementor-hidden-mobile e-flex e-con e-child\" data-id=\"f90745b\" data-element_type=\"container\" data-e-type=\"container\">\n\t\t\t\t<\/div>\n\t\t<div class=\"elementor-element elementor-element-27c66a2 e-con-full e-flex e-con e-child\" data-id=\"27c66a2\" data-element_type=\"container\" data-e-type=\"container\">\n\t\t\t\t<div class=\"elementor-element elementor-element-314c2bb elementor-widget elementor-widget-n-accordion\" data-id=\"314c2bb\" data-element_type=\"widget\" data-e-type=\"widget\" data-settings=\"{&quot;default_state&quot;:&quot;all_collapsed&quot;,&quot;max_items_expended&quot;:&quot;one&quot;,&quot;n_accordion_animation_duration&quot;:{&quot;unit&quot;:&quot;ms&quot;,&quot;size&quot;:400,&quot;sizes&quot;:[]}}\" data-widget_type=\"nested-accordion.default\">\n\t\t\t\t\t\t\t<div class=\"e-n-accordion\" aria-label=\"Accordion. Open links with Enter or Space, close with Escape, and navigate with Arrow Keys\">\n\t\t\t\t\t\t<details id=\"e-n-accordion-item-5160\" class=\"e-n-accordion-item\" >\n\t\t\t\t<summary class=\"e-n-accordion-item-title\" data-accordion-index=\"1\" tabindex=\"0\" aria-expanded=\"false\" aria-controls=\"e-n-accordion-item-5160\" >\n\t\t\t\t\t<span class='e-n-accordion-item-title-header'><div class=\"e-n-accordion-item-title-text\"> HOLISTICO <\/div><\/span>\n\t\t\t\t\t\t\t<span class='e-n-accordion-item-title-icon'>\n\t\t\t<span class='e-opened' ><svg aria-hidden=\"true\" class=\"e-font-icon-svg e-fas-minus\" viewbox=\"0 0 448 512\" xmlns=\"http:\/\/www.w3.org\/2000\/svg\"><path d=\"M416 208H32c-17.67 0-32 14.33-32 32v32c0 17.67 14.33 32 32 32h384c17.67 0 32-14.33 32-32v-32c0-17.67-14.33-32-32-32z\"><\/path><\/svg><\/span>\n\t\t\t<span class='e-closed'><svg aria-hidden=\"true\" class=\"e-font-icon-svg e-fas-plus\" viewbox=\"0 0 448 512\" xmlns=\"http:\/\/www.w3.org\/2000\/svg\"><path d=\"M416 208H272V64c0-17.67-14.33-32-32-32h-32c-17.67 0-32 14.33-32 32v144H32c-17.67 0-32 14.33-32 32v32c0 17.67 14.33 32 32 32h144v144c0 17.67 14.33 32 32 32h32c17.67 0 32-14.33 32-32V304h144c17.67 0 32-14.33 32-32v-32c0-17.67-14.33-32-32-32z\"><\/path><\/svg><\/span>\n\t\t<\/span>\n\n\t\t\t\t\t\t<\/summary>\n\t\t\t\t<div role=\"region\" aria-labelledby=\"e-n-accordion-item-5160\" class=\"elementor-element elementor-element-5237788 e-con-full e-flex e-con e-child\" data-id=\"5237788\" data-element_type=\"container\" data-e-type=\"container\">\n\t\t\t\t<div class=\"elementor-element elementor-element-dbf2000 elementor-widget__width-initial elementor-widget elementor-widget-heading\" data-id=\"dbf2000\" data-element_type=\"widget\" data-e-type=\"widget\" data-widget_type=\"heading.default\">\n\t\t\t\t\t<h2 class=\"elementor-heading-title elementor-size-default translation-block\">Descubriendo<br>la conexi\u00f3n entre<br>espacio, humanos y naturaleza<\/h2>\t\t\t\t<\/div>\n\t\t\t\t<div class=\"elementor-element elementor-element-370750a elementor-widget elementor-widget-text-editor\" data-id=\"370750a\" data-element_type=\"widget\" data-e-type=\"widget\" data-widget_type=\"text-editor.default\">\n\t\t\t\t\t\t\t\t\t<p>La arquitectura no es un elemento aislado, sino un componente dentro de un ecosistema m\u00e1s amplio. Dise\u00f1ar con esta visi\u00f3n nos obliga a pensar m\u00e1s all\u00e1 de los l\u00edmites del edificio. A trav\u00e9s de un pensamiento sist\u00e9mico, m\u00e1s all\u00e1 de la integraci\u00f3n funcional, buscamos generar experiencias.<\/p><p>Dise\u00f1amos espacios que conectan a las personas con la naturaleza, que promueven bienestar y que transforman la forma en que habitamos el mundo. Creemos que la arquitectura debe facilitar interacciones significativas y ser una plataforma para la vida, la cultura y la comunidad.<\/p>\t\t\t\t\t\t\t\t<\/div>\n\t\t\t\t<\/div>\n\t\t\t\t\t<\/details>\n\t\t\t\t\t<\/div>\n\t\t\t\t\t\t<\/div>\n\t\t\t\t<\/div>\n\t\t\t\t<\/div>\n\t\t\t\t\t<\/div>\n\t\t\t\t<\/div>\n\t\t<div class=\"elementor-element elementor-element-3ddb295 e-flex e-con-boxed elementor-invisible e-con e-parent\" data-id=\"3ddb295\" data-element_type=\"container\" data-e-type=\"container\" data-settings=\"{&quot;animation&quot;:&quot;fadeIn&quot;}\">\n\t\t\t\t\t<div class=\"e-con-inner\">\n\t\t<div class=\"elementor-element elementor-element-5fea142 e-con-full e-flex e-con e-child\" data-id=\"5fea142\" data-element_type=\"container\" data-e-type=\"container\">\n\t\t<div class=\"elementor-element elementor-element-3ac6fab e-con-full elementor-hidden-mobile e-flex e-con e-child\" data-id=\"3ac6fab\" data-element_type=\"container\" data-e-type=\"container\">\n\t\t\t\t<\/div>\n\t\t<div class=\"elementor-element elementor-element-7049853 e-con-full e-flex e-con e-child\" data-id=\"7049853\" data-element_type=\"container\" data-e-type=\"container\">\n\t\t\t\t<div class=\"elementor-element elementor-element-a5546a0 elementor-widget elementor-widget-n-accordion\" data-id=\"a5546a0\" data-element_type=\"widget\" data-e-type=\"widget\" data-settings=\"{&quot;default_state&quot;:&quot;all_collapsed&quot;,&quot;max_items_expended&quot;:&quot;one&quot;,&quot;n_accordion_animation_duration&quot;:{&quot;unit&quot;:&quot;ms&quot;,&quot;size&quot;:400,&quot;sizes&quot;:[]}}\" data-widget_type=\"nested-accordion.default\">\n\t\t\t\t\t\t\t<div class=\"e-n-accordion\" aria-label=\"Accordion. Open links with Enter or Space, close with Escape, and navigate with Arrow Keys\">\n\t\t\t\t\t\t<details id=\"e-n-accordion-item-1730\" class=\"e-n-accordion-item\" >\n\t\t\t\t<summary class=\"e-n-accordion-item-title\" data-accordion-index=\"1\" tabindex=\"0\" aria-expanded=\"false\" aria-controls=\"e-n-accordion-item-1730\" >\n\t\t\t\t\t<span class='e-n-accordion-item-title-header'><div class=\"e-n-accordion-item-title-text\"> TRASCENDENTE <\/div><\/span>\n\t\t\t\t\t\t\t<span class='e-n-accordion-item-title-icon'>\n\t\t\t<span class='e-opened' ><svg aria-hidden=\"true\" class=\"e-font-icon-svg e-fas-minus\" viewbox=\"0 0 448 512\" xmlns=\"http:\/\/www.w3.org\/2000\/svg\"><path d=\"M416 208H32c-17.67 0-32 14.33-32 32v32c0 17.67 14.33 32 32 32h384c17.67 0 32-14.33 32-32v-32c0-17.67-14.33-32-32-32z\"><\/path><\/svg><\/span>\n\t\t\t<span class='e-closed'><svg aria-hidden=\"true\" class=\"e-font-icon-svg e-fas-plus\" viewbox=\"0 0 448 512\" xmlns=\"http:\/\/www.w3.org\/2000\/svg\"><path d=\"M416 208H272V64c0-17.67-14.33-32-32-32h-32c-17.67 0-32 14.33-32 32v144H32c-17.67 0-32 14.33-32 32v32c0 17.67 14.33 32 32 32h144v144c0 17.67 14.33 32 32 32h32c17.67 0 32-14.33 32-32V304h144c17.67 0 32-14.33 32-32v-32c0-17.67-14.33-32-32-32z\"><\/path><\/svg><\/span>\n\t\t<\/span>\n\n\t\t\t\t\t\t<\/summary>\n\t\t\t\t<div role=\"region\" aria-labelledby=\"e-n-accordion-item-1730\" class=\"elementor-element elementor-element-422a9b2 e-con-full e-flex e-con e-child\" data-id=\"422a9b2\" data-element_type=\"container\" data-e-type=\"container\">\n\t\t\t\t<div class=\"elementor-element elementor-element-0ede6eb elementor-widget__width-initial elementor-widget elementor-widget-heading\" data-id=\"0ede6eb\" data-element_type=\"widget\" data-e-type=\"widget\" data-widget_type=\"heading.default\">\n\t\t\t\t\t<h2 class=\"elementor-heading-title elementor-size-default\">Imaginando un impacto duradero.<\/h2>\t\t\t\t<\/div>\n\t\t\t\t<div class=\"elementor-element elementor-element-0e2fa7d elementor-widget elementor-widget-text-editor\" data-id=\"0e2fa7d\" data-element_type=\"widget\" data-e-type=\"widget\" data-widget_type=\"text-editor.default\">\n\t\t\t\t\t\t\t\t\t<p>Nuestra visi\u00f3n va m\u00e1s all\u00e1 de lo inmediato. No dise\u00f1amos solo para resolver necesidades actuales, sino para imaginar c\u00f3mo la arquitectura puede seguir siendo relevante en tiempo. Esto implica elegir materiales que perduren, pero tambi\u00e9n pensar en la memoria, en la identidad y en c\u00f3mo los edificios pueden seguir evolucionando junto con las comunidades que los habitan.<\/p><p>El dise\u00f1o debe ser creativo, libre y sin sesgos estil\u00edsticos impuestos. Creemos en una arquitectura con est\u00e9tica imparcial, que no responde a tendencias pasajeras, sino a principios s\u00f3lidos de habitabilidad, sostenibilidad y cultura. Cada proyecto es una exploraci\u00f3n de posibilidades, un di\u00e1logo entre el presente y el futuro, entre el ser humano y la naturaleza.<\/p>\t\t\t\t\t\t\t\t<\/div>\n\t\t\t\t<\/div>\n\t\t\t\t\t<\/details>\n\t\t\t\t\t<\/div>\n\t\t\t\t\t\t<\/div>\n\t\t\t\t<\/div>\n\t\t\t\t<\/div>\n\t\t\t\t\t<\/div>\n\t\t\t\t<\/div>\n\t\t\t\t<\/div>","protected":false},"excerpt":{"rendered":"<p>REGENERATIVE Shaping the future of sustainability. Sustainability, in its traditional sense, has become the bare minimum: reducing impact, minimizing harm. But we know that is not enough. We design to give back more than we take to strengthen ecosystems, restore landscapes, and create urban environments that are both resilient and equitable. This commitment calls for [&hellip;]<\/p>\n","protected":false},"author":1,"featured_media":0,"parent":0,"menu_order":0,"comment_status":"closed","ping_status":"closed","template":"elementor_header_footer","meta":{"_acf_changed":false,"footnotes":""},"class_list":["post-1431","page","type-page","status-publish","hentry"],"acf":[],"yoast_head":"<!-- This site is optimized with the Yoast SEO plugin v27.3 - https:\/\/yoast.com\/product\/yoast-seo-wordpress\/ -->\n<title>Philosophy | Regenerative Design Costa Rica | VOID<\/title>\n<meta name=\"description\" content=\"VOID connects humans and nature through regenerative design, sustainable architecture, and environmental design rooted in place.\" \/>\n<meta name=\"robots\" content=\"index, follow, max-snippet:-1, max-image-preview:large, max-video-preview:-1\" \/>\n<link rel=\"canonical\" href=\"https:\/\/voidcr.com\/es\/philosophy\/\" \/>\n<meta property=\"og:locale\" content=\"es_ES\" \/>\n<meta property=\"og:type\" content=\"article\" \/>\n<meta property=\"og:title\" content=\"Philosophy | Regenerative Design Costa Rica | VOID\" \/>\n<meta property=\"og:description\" content=\"VOID connects humans and nature through regenerative design, sustainable architecture, and environmental design rooted in place.\" \/>\n<meta property=\"og:url\" content=\"https:\/\/voidcr.com\/es\/philosophy\/\" \/>\n<meta property=\"og:site_name\" content=\"Void\" \/>\n<meta property=\"article:publisher\" content=\"https:\/\/www.facebook.com\/voidcr\/\" \/>\n<meta property=\"article:modified_time\" content=\"2026-02-25T18:25:12+00:00\" \/>\n<meta name=\"twitter:card\" content=\"summary_large_image\" \/>\n<meta name=\"twitter:label1\" content=\"Est. reading time\" \/>\n\t<meta name=\"twitter:data1\" content=\"4 minutos\" \/>\n<!-- \/ Yoast SEO plugin. -->","yoast_head_json":{"title":"Filosof\u00eda | Dise\u00f1o Regenerativo y Arquitectura Sostenible | VOID","description":"VOID une naturaleza y ser humano desde dise\u00f1o regenerativo, arquitectura sostenible y visi\u00f3n sist\u00e9mica del territorio.","robots":{"index":"index","follow":"follow","max-snippet":"max-snippet:-1","max-image-preview":"max-image-preview:large","max-video-preview":"max-video-preview:-1"},"canonical":"https:\/\/voidcr.com\/es\/philosophy\/","og_locale":"es_ES","og_type":"article","og_title":"Philosophy | Regenerative Design Costa Rica | VOID","og_description":"VOID connects humans and nature through regenerative design, sustainable architecture, and environmental design rooted in place.","og_url":"https:\/\/voidcr.com\/es\/philosophy\/","og_site_name":"Void","article_publisher":"https:\/\/www.facebook.com\/voidcr\/","article_modified_time":"2026-02-25T18:25:12+00:00","twitter_card":"summary_large_image","twitter_misc":{"Est. reading time":"4 minutos"},"schema":{"@context":"https:\/\/schema.org","@graph":[{"@type":"WebPage","@id":"https:\/\/voidcr.com\/philosophy\/","url":"https:\/\/voidcr.com\/philosophy\/","name":"Filosof\u00eda | Dise\u00f1o Regenerativo y Arquitectura Sostenible | VOID","isPartOf":{"@id":"https:\/\/voidcr.com\/#website"},"datePublished":"2025-10-14T22:24:02+00:00","dateModified":"2026-02-25T18:25:12+00:00","description":"VOID une naturaleza y ser humano desde dise\u00f1o regenerativo, arquitectura sostenible y visi\u00f3n sist\u00e9mica del territorio.","breadcrumb":{"@id":"https:\/\/voidcr.com\/philosophy\/#breadcrumb"},"inLanguage":"es-CR","potentialAction":[{"@type":"ReadAction","target":["https:\/\/voidcr.com\/philosophy\/"]}]},{"@type":"BreadcrumbList","@id":"https:\/\/voidcr.com\/philosophy\/#breadcrumb","itemListElement":[{"@type":"ListItem","position":1,"name":"Portada","item":"https:\/\/voidcr.com\/"},{"@type":"ListItem","position":2,"name":"Philosophy"}]},{"@type":"WebSite","@id":"https:\/\/voidcr.com\/#website","url":"https:\/\/voidcr.com\/","name":"Void","description":"Void CR","publisher":{"@id":"https:\/\/voidcr.com\/#organization"},"potentialAction":[{"@type":"SearchAction","target":{"@type":"EntryPoint","urlTemplate":"https:\/\/voidcr.com\/?s={search_term_string}"},"query-input":{"@type":"PropertyValueSpecification","valueRequired":true,"valueName":"search_term_string"}}],"inLanguage":"es-CR"},{"@type":"Organization","@id":"https:\/\/voidcr.com\/#organization","name":"Void","url":"https:\/\/voidcr.com\/","logo":{"@type":"ImageObject","inLanguage":"es-CR","@id":"https:\/\/voidcr.com\/#\/schema\/logo\/image\/","url":"https:\/\/voidcr.com\/wp-content\/uploads\/2025\/09\/Void-Icono-V2.png","contentUrl":"https:\/\/voidcr.com\/wp-content\/uploads\/2025\/09\/Void-Icono-V2.png","width":1080,"height":1247,"caption":"Void"},"image":{"@id":"https:\/\/voidcr.com\/#\/schema\/logo\/image\/"},"sameAs":["https:\/\/www.facebook.com\/voidcr\/","https:\/\/www.instagram.com\/void_cr\/"]}]}},"_links":{"self":[{"href":"https:\/\/voidcr.com\/es\/wp-json\/wp\/v2\/pages\/1431","targetHints":{"allow":["GET"]}}],"collection":[{"href":"https:\/\/voidcr.com\/es\/wp-json\/wp\/v2\/pages"}],"about":[{"href":"https:\/\/voidcr.com\/es\/wp-json\/wp\/v2\/types\/page"}],"author":[{"embeddable":true,"href":"https:\/\/voidcr.com\/es\/wp-json\/wp\/v2\/users\/1"}],"replies":[{"embeddable":true,"href":"https:\/\/voidcr.com\/es\/wp-json\/wp\/v2\/comments?post=1431"}],"version-history":[{"count":47,"href":"https:\/\/voidcr.com\/es\/wp-json\/wp\/v2\/pages\/1431\/revisions"}],"predecessor-version":[{"id":3085,"href":"https:\/\/voidcr.com\/es\/wp-json\/wp\/v2\/pages\/1431\/revisions\/3085"}],"wp:attachment":[{"href":"https:\/\/voidcr.com\/es\/wp-json\/wp\/v2\/media?parent=1431"}],"curies":[{"name":"wp","href":"https:\/\/api.w.org\/{rel}","templated":true}]}}