{"id":1474,"date":"2025-10-14T22:24:02","date_gmt":"2025-10-14T22:24:02","guid":{"rendered":"https:\/\/voidcr.com\/?page_id=1474"},"modified":"2026-03-23T20:26:46","modified_gmt":"2026-03-23T20:26:46","slug":"contact","status":"publish","type":"page","link":"https:\/\/voidcr.com\/es\/contact\/","title":{"rendered":"Contacto"},"content":{"rendered":"\t\t<div data-elementor-type=\"wp-page\" data-elementor-id=\"1474\" class=\"elementor elementor-1474\" data-elementor-post-type=\"page\">\n\t\t\t\t<div class=\"elementor-element elementor-element-67bc274 e-flex e-con-boxed elementor-invisible e-con e-parent\" data-id=\"67bc274\" data-element_type=\"container\" data-e-type=\"container\" data-settings=\"{&quot;animation&quot;:&quot;fadeIn&quot;}\">\n\t\t\t\t\t<div class=\"e-con-inner\">\n\t\t<div class=\"elementor-element elementor-element-3642f74 e-con-full e-flex e-con e-child\" data-id=\"3642f74\" data-element_type=\"container\" data-e-type=\"container\">\n\t\t<div class=\"elementor-element elementor-element-bf90dfd e-con-full e-flex e-con e-child\" data-id=\"bf90dfd\" data-element_type=\"container\" data-e-type=\"container\">\n\t\t\t\t<div class=\"elementor-element elementor-element-2a6a634 elementor-widget elementor-widget-heading\" data-id=\"2a6a634\" data-element_type=\"widget\" data-e-type=\"widget\" data-widget_type=\"heading.default\">\n\t\t\t\t\t<h2 class=\"elementor-heading-title elementor-size-default\">Get in Touch<\/h2>\t\t\t\t<\/div>\n\t\t\t\t<\/div>\n\t\t<div class=\"elementor-element elementor-element-02d1092 e-con-full e-flex e-con e-child\" data-id=\"02d1092\" data-element_type=\"container\" data-e-type=\"container\">\n\t\t<div class=\"elementor-element elementor-element-79b2d40 e-grid e-con-full e-con e-child\" data-id=\"79b2d40\" data-element_type=\"container\" data-e-type=\"container\">\n\t\t\t\t<div class=\"elementor-element elementor-element-827b84a elementor-button-align-stretch elementor-widget elementor-widget-form\" data-id=\"827b84a\" data-element_type=\"widget\" data-e-type=\"widget\" data-settings=\"{&quot;step_next_label&quot;:&quot;Siguiente&quot;,&quot;step_previous_label&quot;:&quot;Anterior&quot;,&quot;button_width&quot;:&quot;100&quot;,&quot;step_type&quot;:&quot;number_text&quot;,&quot;step_icon_shape&quot;:&quot;circle&quot;}\" data-widget_type=\"form.default\">\n\t\t\t\t\t\t\t<form class=\"elementor-form\" method=\"post\" name=\"Website contact Form VOID\" aria-label=\"Website contact Form VOID\">\n\t\t\t<input type=\"hidden\" name=\"post_id\" value=\"1474\"\/>\n\t\t\t<input type=\"hidden\" name=\"form_id\" value=\"827b84a\"\/>\n\t\t\t<input type=\"hidden\" name=\"referer_title\" value=\"Contact VOID | Sustainable Architects Costa Rica &amp; Land Planning\" \/>\n\n\t\t\t\t\t\t\t<input type=\"hidden\" name=\"queried_id\" value=\"1474\"\/>\n\t\t\t\n\t\t\t<div class=\"elementor-form-fields-wrapper elementor-labels-above\">\n\t\t\t\t\t\t\t\t<div class=\"elementor-field-type-text elementor-field-group elementor-column elementor-field-group-name elementor-col-100 elementor-field-required elementor-mark-required\">\n\t\t\t\t\t\t\t\t\t\t\t\t<label for=\"form-field-name\" class=\"elementor-field-label\">\n\t\t\t\t\t\t\t\tName\t\t\t\t\t\t\t<\/label>\n\t\t\t\t\t\t\t\t\t\t\t\t\t\t<input size=\"1\" type=\"text\" name=\"form_fields[name]\" id=\"form-field-name\" class=\"elementor-field elementor-size-sm  elementor-field-textual\" required=\"required\">\n\t\t\t\t\t\t\t\t\t\t\t<\/div>\n\t\t\t\t\t\t\t\t<div class=\"elementor-field-type-email elementor-field-group elementor-column elementor-field-group-email elementor-col-100 elementor-field-required elementor-mark-required\">\n\t\t\t\t\t\t\t\t\t\t\t\t<label for=\"form-field-email\" class=\"elementor-field-label\">\n\t\t\t\t\t\t\t\tEmail\t\t\t\t\t\t\t<\/label>\n\t\t\t\t\t\t\t\t\t\t\t\t\t\t<input size=\"1\" type=\"email\" name=\"form_fields[email]\" id=\"form-field-email\" class=\"elementor-field elementor-size-sm  elementor-field-textual\" required=\"required\">\n\t\t\t\t\t\t\t\t\t\t\t<\/div>\n\t\t\t\t\t\t\t\t<div class=\"elementor-field-type-tel elementor-field-group elementor-column elementor-field-group-field_16fbcaa elementor-col-100 elementor-field-required elementor-mark-required\">\n\t\t\t\t\t\t\t\t\t\t\t\t<label for=\"form-field-field_16fbcaa\" class=\"elementor-field-label\">\n\t\t\t\t\t\t\t\tTelephone\t\t\t\t\t\t\t<\/label>\n\t\t\t\t\t\t\t\t<input size=\"1\" type=\"tel\" name=\"form_fields[field_16fbcaa]\" id=\"form-field-field_16fbcaa\" class=\"elementor-field elementor-size-sm  elementor-field-textual\" required=\"required\" pattern=\"[0-9()#&amp;+*-=.]+\" title=\"Only numbers and phone characters (#, -, *, etc) are accepted.\">\n\n\t\t\t\t\t\t<\/div>\n\t\t\t\t\t\t\t\t<div class=\"elementor-field-type-text elementor-field-group elementor-column elementor-field-group-field_0c6b50f elementor-col-100 elementor-field-required elementor-mark-required\">\n\t\t\t\t\t\t\t\t\t\t\t\t<label for=\"form-field-field_0c6b50f\" class=\"elementor-field-label\">\n\t\t\t\t\t\t\t\tCountry\t\t\t\t\t\t\t<\/label>\n\t\t\t\t\t\t\t\t\t\t\t\t\t\t<input size=\"1\" type=\"text\" name=\"form_fields[field_0c6b50f]\" id=\"form-field-field_0c6b50f\" class=\"elementor-field elementor-size-sm  elementor-field-textual\" required=\"required\">\n\t\t\t\t\t\t\t\t\t\t\t<\/div>\n\t\t\t\t\t\t\t\t<div class=\"elementor-field-type-text elementor-field-group elementor-column elementor-field-group-field_f3c5bd8 elementor-col-100 elementor-field-required elementor-mark-required\">\n\t\t\t\t\t\t\t\t\t\t\t\t<label for=\"form-field-field_f3c5bd8\" class=\"elementor-field-label\">\n\t\t\t\t\t\t\t\tCity\t\t\t\t\t\t\t<\/label>\n\t\t\t\t\t\t\t\t\t\t\t\t\t\t<input size=\"1\" type=\"text\" name=\"form_fields[field_f3c5bd8]\" id=\"form-field-field_f3c5bd8\" class=\"elementor-field elementor-size-sm  elementor-field-textual\" required=\"required\">\n\t\t\t\t\t\t\t\t\t\t\t<\/div>\n\t\t\t\t\t\t\t\t<div class=\"elementor-field-type-text elementor-field-group elementor-column elementor-field-group-field_07dfa5e elementor-col-100 elementor-field-required elementor-mark-required\">\n\t\t\t\t\t\t\t\t\t\t\t\t<label for=\"form-field-field_07dfa5e\" class=\"elementor-field-label\">\n\t\t\t\t\t\t\t\tProject location\t\t\t\t\t\t\t<\/label>\n\t\t\t\t\t\t\t\t\t\t\t\t\t\t<input size=\"1\" type=\"text\" name=\"form_fields[field_07dfa5e]\" id=\"form-field-field_07dfa5e\" class=\"elementor-field elementor-size-sm  elementor-field-textual\" required=\"required\">\n\t\t\t\t\t\t\t\t\t\t\t<\/div>\n\t\t\t\t\t\t\t\t<div class=\"elementor-field-type-date elementor-field-group elementor-column elementor-field-group-field_90083c5 elementor-col-100 elementor-field-required elementor-mark-required\">\n\t\t\t\t\t\t\t\t\t\t\t\t<label for=\"form-field-field_90083c5\" class=\"elementor-field-label\">\n\t\t\t\t\t\t\t\tEstimated start date\t\t\t\t\t\t\t<\/label>\n\t\t\t\t\t\t\n\t\t<input type=\"date\" name=\"form_fields[field_90083c5]\" id=\"form-field-field_90083c5\" class=\"elementor-field elementor-size-sm  elementor-field-textual elementor-date-field\" required=\"required\" pattern=\"[0-9]{4}-[0-9]{2}-[0-9]{2}\">\n\t\t\t\t\t\t<\/div>\n\t\t\t\t\t\t\t\t<div class=\"elementor-field-type-select elementor-field-group elementor-column elementor-field-group-field_6c920f4 elementor-col-100 elementor-field-required elementor-mark-required\">\n\t\t\t\t\t\t\t\t\t\t\t\t<label for=\"form-field-field_6c920f4\" class=\"elementor-field-label\">\n\t\t\t\t\t\t\t\tProject type\t\t\t\t\t\t\t<\/label>\n\t\t\t\t\t\t\t\t<div class=\"elementor-field elementor-select-wrapper remove-before \">\n\t\t\t<div class=\"select-caret-down-wrapper\">\n\t\t\t\t<svg aria-hidden=\"true\" class=\"e-font-icon-svg e-eicon-caret-down\" viewBox=\"0 0 571.4 571.4\" xmlns=\"http:\/\/www.w3.org\/2000\/svg\"><path d=\"M571 393Q571 407 561 418L311 668Q300 679 286 679T261 668L11 418Q0 407 0 393T11 368 36 357H536Q550 357 561 368T571 393Z\"><\/path><\/svg>\t\t\t<\/div>\n\t\t\t<select name=\"form_fields[field_6c920f4]\" id=\"form-field-field_6c920f4\" class=\"elementor-field-textual elementor-size-sm\" required=\"required\">\n\t\t\t\t\t\t\t\t\t<option value=\"Hospitality &amp; Wellness\">Hospitality &amp; Wellness<\/option>\n\t\t\t\t\t\t\t\t\t<option value=\"Commercial\">Commercial<\/option>\n\t\t\t\t\t\t\t\t\t<option value=\"Land Planning\">Land Planning<\/option>\n\t\t\t\t\t\t\t\t\t<option value=\"Learning Spaces\">Learning Spaces<\/option>\n\t\t\t\t\t\t\t\t\t<option value=\"Workspaces\">Workspaces<\/option>\n\t\t\t\t\t\t\t\t\t<option value=\"Residential\">Residential<\/option>\n\t\t\t\t\t\t\t<\/select>\n\t\t<\/div>\n\t\t\t\t\t\t<\/div>\n\t\t\t\t\t\t\t\t<div class=\"elementor-field-type-textarea elementor-field-group elementor-column elementor-field-group-message elementor-col-100 elementor-field-required elementor-mark-required\">\n\t\t\t\t\t\t\t\t\t\t\t\t<label for=\"form-field-message\" class=\"elementor-field-label\">\n\t\t\t\t\t\t\t\tComment\t\t\t\t\t\t\t<\/label>\n\t\t\t\t\t\t<textarea class=\"elementor-field-textual elementor-field  elementor-size-sm\" name=\"form_fields[message]\" id=\"form-field-message\" rows=\"2\" required=\"required\"><\/textarea>\t\t\t\t<\/div>\n\t\t\t\t\t\t\t\t<div class=\"elementor-field-type-recaptcha elementor-field-group elementor-column elementor-field-group-field_36cf066 elementor-col-100\">\n\t\t\t\t\t<div class=\"elementor-field\" id=\"form-field-field_36cf066\"><div class=\"elementor-g-recaptcha\" data-sitekey=\"6Ld2kk8sAAAAAFzTnNR6ur02e8iQlnW3ioh2R51M\" data-type=\"v2_checkbox\" data-theme=\"light\" data-size=\"normal\"><\/div><\/div>\t\t\t\t<\/div>\n\t\t\t\t\t\t\t\t<div class=\"elementor-field-group elementor-column elementor-field-type-submit elementor-col-100 e-form__buttons\">\n\t\t\t\t\t<button class=\"elementor-button elementor-size-sm\" type=\"submit\">\n\t\t\t\t\t\t<span class=\"elementor-button-content-wrapper\">\n\t\t\t\t\t\t\t\t\t\t\t\t\t\t\t\t\t\t\t\t\t\t<span class=\"elementor-button-text\">Send<\/span>\n\t\t\t\t\t\t\t\t\t\t\t\t\t<\/span>\n\t\t\t\t\t<\/button>\n\t\t\t\t<\/div>\n\t\t\t<\/div>\n\t\t<\/form>\n\t\t\t\t\t\t<\/div>\n\t\t\t\t<\/div>\n\t\t\t\t<div class=\"elementor-element elementor-element-92cb2b3 elementor-widget elementor-widget-heading\" data-id=\"92cb2b3\" data-element_type=\"widget\" data-e-type=\"widget\" data-widget_type=\"heading.default\">\n\t\t\t\t\t<h2 class=\"elementor-heading-title elementor-size-default\">PRESS<\/h2>\t\t\t\t<\/div>\n\t\t\t\t<div class=\"elementor-element elementor-element-b3dca1b elementor-widget__width-initial elementor-widget elementor-widget-text-editor\" data-id=\"b3dca1b\" data-element_type=\"widget\" data-e-type=\"widget\" data-widget_type=\"text-editor.default\">\n\t\t\t\t\t\t\t\t\t<p><a href=\"mailto:press@voidopd.com\">press@voidopd.com<\/a><\/p>\t\t\t\t\t\t\t\t<\/div>\n\t\t\t\t<div class=\"elementor-element elementor-element-b98b0a8 elementor-widget elementor-widget-heading\" data-id=\"b98b0a8\" data-element_type=\"widget\" data-e-type=\"widget\" data-widget_type=\"heading.default\">\n\t\t\t\t\t<h2 class=\"elementor-heading-title elementor-size-default\">LATIN AMERICA<BR>\nCosta Rica<\/h2>\t\t\t\t<\/div>\n\t\t\t\t<\/div>\n\t\t\t\t<\/div>\n\t\t\t\t\t<\/div>\n\t\t\t\t<\/div>\n\t\t<div class=\"elementor-element elementor-element-d41d139 e-flex e-con-boxed elementor-invisible e-con e-parent\" data-id=\"d41d139\" data-element_type=\"container\" data-e-type=\"container\" data-settings=\"{&quot;animation&quot;:&quot;fadeIn&quot;}\">\n\t\t\t\t\t<div class=\"e-con-inner\">\n\t\t<div class=\"elementor-element elementor-element-f0625a8 e-con-full e-flex e-con e-child\" data-id=\"f0625a8\" data-element_type=\"container\" data-e-type=\"container\">\n\t\t<div class=\"elementor-element elementor-element-432abcc e-con-full e-flex e-con e-child\" data-id=\"432abcc\" data-element_type=\"container\" data-e-type=\"container\">\n\t\t\t\t<div class=\"elementor-element elementor-element-dc7228d elementor-widget elementor-widget-heading\" data-id=\"dc7228d\" data-element_type=\"widget\" data-e-type=\"widget\" data-widget_type=\"heading.default\">\n\t\t\t\t\t<h2 class=\"elementor-heading-title elementor-size-default\">OUR PHILOSOPHY<\/h2>\t\t\t\t<\/div>\n\t\t\t\t<\/div>\n\t\t<div class=\"elementor-element elementor-element-da1d0c8 e-con-full e-flex e-con e-child\" data-id=\"da1d0c8\" data-element_type=\"container\" data-e-type=\"container\">\n\t\t\t\t<div class=\"elementor-element elementor-element-ccca139 elementor-widget__width-initial elementor-widget elementor-widget-text-editor\" data-id=\"ccca139\" data-element_type=\"widget\" data-e-type=\"widget\" data-widget_type=\"text-editor.default\">\n\t\t\t\t\t\t\t\t\t<p class=\"p1\">We design spaces that transcend functionality, connecting human needs with the natural environment.<\/p>\t\t\t\t\t\t\t\t<\/div>\n\t\t\t\t<div class=\"elementor-element elementor-element-264ad7b elementor-widget elementor-widget-heading\" data-id=\"264ad7b\" data-element_type=\"widget\" data-e-type=\"widget\" data-widget_type=\"heading.default\">\n\t\t\t\t\t<h2 class=\"elementor-heading-title elementor-size-default\"><a href=\"https:\/\/voidcr.com\/philosophy\/\">Read More<\/a><\/h2>\t\t\t\t<\/div>\n\t\t\t\t<\/div>\n\t\t\t\t<\/div>\n\t\t\t\t\t<\/div>\n\t\t\t\t<\/div>\n\t\t\t\t<\/div>\n\t\t","protected":false},"excerpt":{"rendered":"<p>Get in Touch PRESS press@voidopd.com LATIN AMERICA Costa Rica OUR PHILOSOPHY We design spaces that transcend functionality, connecting human needs with the natural environment. Read More<\/p>","protected":false},"author":1,"featured_media":0,"parent":0,"menu_order":0,"comment_status":"closed","ping_status":"closed","template":"elementor_header_footer","meta":{"_acf_changed":false,"footnotes":""},"class_list":["post-1474","page","type-page","status-publish","hentry"],"acf":[],"yoast_head":"<!-- This site is optimized with the Yoast SEO plugin v27.3 - https:\/\/yoast.com\/product\/yoast-seo-wordpress\/ -->\n<title>Contact VOID | Sustainable Architects Costa Rica &amp; Land Planning<\/title>\n<meta name=\"description\" content=\"Connect with VOID for architectural design, land planning Costa Rica, and regenerative design solutions tailored to your site.\" \/>\n<meta name=\"robots\" content=\"index, follow, max-snippet:-1, max-image-preview:large, max-video-preview:-1\" \/>\n<link rel=\"canonical\" href=\"https:\/\/voidcr.com\/es\/contact\/\" \/>\n<meta property=\"og:locale\" content=\"es_ES\" \/>\n<meta property=\"og:type\" content=\"article\" \/>\n<meta property=\"og:title\" content=\"Contact VOID | Sustainable Architects Costa Rica &amp; Land Planning\" \/>\n<meta property=\"og:description\" content=\"Connect with VOID for architectural design, land planning Costa Rica, and regenerative design solutions tailored to your site.\" \/>\n<meta property=\"og:url\" content=\"https:\/\/voidcr.com\/es\/contact\/\" \/>\n<meta property=\"og:site_name\" content=\"Void\" \/>\n<meta property=\"article:publisher\" content=\"https:\/\/www.facebook.com\/voidcr\/\" \/>\n<meta property=\"article:modified_time\" content=\"2026-03-23T20:26:46+00:00\" \/>\n<meta name=\"twitter:card\" content=\"summary_large_image\" \/>\n<meta name=\"twitter:label1\" content=\"Est. reading time\" \/>\n\t<meta name=\"twitter:data1\" content=\"1 minuto\" \/>\n<!-- \/ Yoast SEO plugin. -->","yoast_head_json":{"title":"Contacto VOID | Arquitectos Sostenibles Costa Rica y Planificaci\u00f3n","description":"Contactanos para planificaci\u00f3n territorial, dise\u00f1o arquitect\u00f3nico y arquitectura regenerativa Costa Rica aplicada a tu proyecto.","robots":{"index":"index","follow":"follow","max-snippet":"max-snippet:-1","max-image-preview":"max-image-preview:large","max-video-preview":"max-video-preview:-1"},"canonical":"https:\/\/voidcr.com\/es\/contact\/","og_locale":"es_ES","og_type":"article","og_title":"Contact VOID | Sustainable Architects Costa Rica & Land Planning","og_description":"Connect with VOID for architectural design, land planning Costa Rica, and regenerative design solutions tailored to your site.","og_url":"https:\/\/voidcr.com\/es\/contact\/","og_site_name":"Void","article_publisher":"https:\/\/www.facebook.com\/voidcr\/","article_modified_time":"2026-03-23T20:26:46+00:00","twitter_card":"summary_large_image","twitter_misc":{"Est. reading time":"1 minuto"},"schema":{"@context":"https:\/\/schema.org","@graph":[{"@type":"WebPage","@id":"https:\/\/voidcr.com\/contact\/","url":"https:\/\/voidcr.com\/contact\/","name":"Contacto VOID | Arquitectos Sostenibles Costa Rica y Planificaci\u00f3n","isPartOf":{"@id":"https:\/\/voidcr.com\/#website"},"datePublished":"2025-10-14T22:24:02+00:00","dateModified":"2026-03-23T20:26:46+00:00","description":"Contactanos para planificaci\u00f3n territorial, dise\u00f1o arquitect\u00f3nico y arquitectura regenerativa Costa Rica aplicada a tu proyecto.","breadcrumb":{"@id":"https:\/\/voidcr.com\/contact\/#breadcrumb"},"inLanguage":"es-CR","potentialAction":[{"@type":"ReadAction","target":["https:\/\/voidcr.com\/contact\/"]}]},{"@type":"BreadcrumbList","@id":"https:\/\/voidcr.com\/contact\/#breadcrumb","itemListElement":[{"@type":"ListItem","position":1,"name":"Portada","item":"https:\/\/voidcr.com\/"},{"@type":"ListItem","position":2,"name":"Contact"}]},{"@type":"WebSite","@id":"https:\/\/voidcr.com\/#website","url":"https:\/\/voidcr.com\/","name":"Void","description":"Void CR","publisher":{"@id":"https:\/\/voidcr.com\/#organization"},"potentialAction":[{"@type":"SearchAction","target":{"@type":"EntryPoint","urlTemplate":"https:\/\/voidcr.com\/?s={search_term_string}"},"query-input":{"@type":"PropertyValueSpecification","valueRequired":true,"valueName":"search_term_string"}}],"inLanguage":"es-CR"},{"@type":"Organization","@id":"https:\/\/voidcr.com\/#organization","name":"Void","url":"https:\/\/voidcr.com\/","logo":{"@type":"ImageObject","inLanguage":"es-CR","@id":"https:\/\/voidcr.com\/#\/schema\/logo\/image\/","url":"https:\/\/voidcr.com\/wp-content\/uploads\/2025\/09\/Void-Icono-V2.png","contentUrl":"https:\/\/voidcr.com\/wp-content\/uploads\/2025\/09\/Void-Icono-V2.png","width":1080,"height":1247,"caption":"Void"},"image":{"@id":"https:\/\/voidcr.com\/#\/schema\/logo\/image\/"},"sameAs":["https:\/\/www.facebook.com\/voidcr\/","https:\/\/www.instagram.com\/void_cr\/"]}]}},"_links":{"self":[{"href":"https:\/\/voidcr.com\/es\/wp-json\/wp\/v2\/pages\/1474","targetHints":{"allow":["GET"]}}],"collection":[{"href":"https:\/\/voidcr.com\/es\/wp-json\/wp\/v2\/pages"}],"about":[{"href":"https:\/\/voidcr.com\/es\/wp-json\/wp\/v2\/types\/page"}],"author":[{"embeddable":true,"href":"https:\/\/voidcr.com\/es\/wp-json\/wp\/v2\/users\/1"}],"replies":[{"embeddable":true,"href":"https:\/\/voidcr.com\/es\/wp-json\/wp\/v2\/comments?post=1474"}],"version-history":[{"count":56,"href":"https:\/\/voidcr.com\/es\/wp-json\/wp\/v2\/pages\/1474\/revisions"}],"predecessor-version":[{"id":3107,"href":"https:\/\/voidcr.com\/es\/wp-json\/wp\/v2\/pages\/1474\/revisions\/3107"}],"wp:attachment":[{"href":"https:\/\/voidcr.com\/es\/wp-json\/wp\/v2\/media?parent=1474"}],"curies":[{"name":"wp","href":"https:\/\/api.w.org\/{rel}","templated":true}]}}