{"id":1557,"date":"2025-10-14T22:24:02","date_gmt":"2025-10-14T22:24:02","guid":{"rendered":"https:\/\/voidcr.com\/?page_id=1557"},"modified":"2026-02-25T18:19:29","modified_gmt":"2026-02-25T18:19:29","slug":"home","status":"publish","type":"page","link":"https:\/\/voidcr.com\/es\/","title":{"rendered":"Home"},"content":{"rendered":"\t\t<div data-elementor-type=\"wp-page\" data-elementor-id=\"1557\" class=\"elementor elementor-1557\" data-elementor-post-type=\"page\">\n\t\t\t\t<div class=\"elementor-element elementor-element-233949c e-flex e-con-boxed elementor-invisible e-con e-parent\" data-id=\"233949c\" data-element_type=\"container\" data-e-type=\"container\" data-settings=\"{&quot;animation&quot;:&quot;fadeIn&quot;}\">\n\t\t\t\t\t<div class=\"e-con-inner\">\n\t\t<div class=\"elementor-element elementor-element-b781ca3 e-con-full e-flex e-con e-child\" data-id=\"b781ca3\" data-element_type=\"container\" data-e-type=\"container\">\n\t\t<div class=\"elementor-element elementor-element-c6394aa e-con-full elementor-hidden-mobile e-flex e-con e-child\" data-id=\"c6394aa\" data-element_type=\"container\" data-e-type=\"container\">\n\t\t\t\t<\/div>\n\t\t<div class=\"elementor-element elementor-element-63e3f6e e-con-full e-flex e-con e-child\" data-id=\"63e3f6e\" data-element_type=\"container\" data-e-type=\"container\">\n\t\t\t\t<div class=\"elementor-element elementor-element-791d0f9 elementor-widget__width-initial elementor-widget elementor-widget-text-editor\" data-id=\"791d0f9\" data-element_type=\"widget\" data-e-type=\"widget\" data-widget_type=\"text-editor.default\">\n\t\t\t\t\t\t\t\t\t<p>We are a global design practice, consciously driven by the interaction between humans and nature.<\/p>\t\t\t\t\t\t\t\t<\/div>\n\t\t\t\t<\/div>\n\t\t\t\t<\/div>\n\t\t\t\t\t<\/div>\n\t\t\t\t<\/div>\n\t\t<div class=\"elementor-element elementor-element-5280cc0 e-flex e-con-boxed elementor-invisible e-con e-parent\" data-id=\"5280cc0\" data-element_type=\"container\" data-e-type=\"container\" data-settings=\"{&quot;animation&quot;:&quot;fadeIn&quot;}\">\n\t\t\t\t\t<div class=\"e-con-inner\">\n\t\t<div class=\"elementor-element elementor-element-fea3835 e-con-full e-flex e-con e-child\" data-id=\"fea3835\" data-element_type=\"container\" data-e-type=\"container\">\n\t\t<div class=\"elementor-element elementor-element-acfda20 e-con-full elementor-hidden-mobile e-flex e-con e-child\" data-id=\"acfda20\" data-element_type=\"container\" data-e-type=\"container\">\n\t\t\t\t<\/div>\n\t\t<div class=\"elementor-element elementor-element-47d2342 e-con-full e-flex e-con e-child\" data-id=\"47d2342\" data-element_type=\"container\" data-e-type=\"container\">\n\t\t\t\t<div class=\"elementor-element elementor-element-1330ca4 elementor-widget elementor-widget-heading\" data-id=\"1330ca4\" data-element_type=\"widget\" data-e-type=\"widget\" data-widget_type=\"heading.default\">\n\t\t\t\t\t<h2 class=\"elementor-heading-title elementor-size-default\">EXPERTISE<\/h2>\t\t\t\t<\/div>\n\t\t\t\t<div class=\"elementor-element elementor-element-aa55b9d elementor-widget__width-initial elementor-widget elementor-widget-text-editor\" data-id=\"aa55b9d\" data-element_type=\"widget\" data-e-type=\"widget\" data-widget_type=\"text-editor.default\">\n\t\t\t\t\t\t\t\t\t<p>Architecture<br \/>Land Planning<br \/>Interior Design<br \/>Landscape Design<br \/>Sustainability Studies<br \/>Feasibility Studies<\/p>\t\t\t\t\t\t\t\t<\/div>\n\t\t\t\t<div class=\"elementor-element elementor-element-06d275d elementor-widget elementor-widget-heading\" data-id=\"06d275d\" data-element_type=\"widget\" data-e-type=\"widget\" data-widget_type=\"heading.default\">\n\t\t\t\t\t<h2 class=\"elementor-heading-title elementor-size-default\"><a href=\"https:\/\/voidcr.com\/work\/\">See Work<\/a><\/h2>\t\t\t\t<\/div>\n\t\t\t\t<\/div>\n\t\t\t\t<\/div>\n\t\t\t\t\t<\/div>\n\t\t\t\t<\/div>\n\t\t<div class=\"elementor-element elementor-element-62c8ab5 e-flex e-con-boxed elementor-invisible e-con e-parent\" data-id=\"62c8ab5\" data-element_type=\"container\" data-e-type=\"container\" data-settings=\"{&quot;animation&quot;:&quot;fadeIn&quot;}\">\n\t\t\t\t\t<div class=\"e-con-inner\">\n\t\t<div class=\"elementor-element elementor-element-d0d6ea7 e-con-full e-flex e-con e-child\" data-id=\"d0d6ea7\" data-element_type=\"container\" data-e-type=\"container\">\n\t\t<div class=\"elementor-element elementor-element-198f9f5 e-con-full elementor-hidden-mobile e-flex e-con e-child\" data-id=\"198f9f5\" data-element_type=\"container\" data-e-type=\"container\">\n\t\t\t\t<\/div>\n\t\t<div class=\"elementor-element elementor-element-88aafe8 e-con-full e-flex e-con e-child\" data-id=\"88aafe8\" data-element_type=\"container\" data-e-type=\"container\">\n\t\t\t\t<div class=\"elementor-element elementor-element-08f02e2 elementor-widget elementor-widget-n-accordion\" data-id=\"08f02e2\" data-element_type=\"widget\" data-e-type=\"widget\" data-settings=\"{&quot;default_state&quot;:&quot;expanded&quot;,&quot;max_items_expended&quot;:&quot;one&quot;,&quot;n_accordion_animation_duration&quot;:{&quot;unit&quot;:&quot;ms&quot;,&quot;size&quot;:400,&quot;sizes&quot;:[]}}\" data-widget_type=\"nested-accordion.default\">\n\t\t\t\t\t\t\t<div class=\"e-n-accordion\" aria-label=\"Accordion. Open links with Enter or Space, close with Escape, and navigate with Arrow Keys\">\n\t\t\t\t\t\t<details id=\"e-n-accordion-item-9370\" class=\"e-n-accordion-item\" open>\n\t\t\t\t<summary class=\"e-n-accordion-item-title\" data-accordion-index=\"1\" tabindex=\"0\" aria-expanded=\"true\" aria-controls=\"e-n-accordion-item-9370\" >\n\t\t\t\t\t<span class='e-n-accordion-item-title-header'><div class=\"e-n-accordion-item-title-text\"> REGENERATIVE <\/div><\/span>\n\t\t\t\t\t\t\t\t\t<\/summary>\n\t\t\t\t<div role=\"region\" aria-labelledby=\"e-n-accordion-item-9370\" class=\"elementor-element elementor-element-7c286d9 e-con-full e-flex e-con e-child\" data-id=\"7c286d9\" data-element_type=\"container\" data-e-type=\"container\">\n\t\t\t\t<div class=\"elementor-element elementor-element-37db3a8 elementor-widget__width-initial elementor-widget elementor-widget-text-editor\" data-id=\"37db3a8\" data-element_type=\"widget\" data-e-type=\"widget\" data-widget_type=\"text-editor.default\">\n\t\t\t\t\t\t\t\t\t<p>We believe that regenerative architecture is essential for shaping the future of sustainability.<\/p>\t\t\t\t\t\t\t\t<\/div>\n\t\t\t\t<\/div>\n\t\t\t\t\t<\/details>\n\t\t\t\t\t\t<details id=\"e-n-accordion-item-9371\" class=\"e-n-accordion-item\" >\n\t\t\t\t<summary class=\"e-n-accordion-item-title\" data-accordion-index=\"2\" tabindex=\"-1\" aria-expanded=\"false\" aria-controls=\"e-n-accordion-item-9371\" >\n\t\t\t\t\t<span class='e-n-accordion-item-title-header'><div class=\"e-n-accordion-item-title-text\"> EMERGENT <\/div><\/span>\n\t\t\t\t\t\t\t\t\t<\/summary>\n\t\t\t\t<div role=\"region\" aria-labelledby=\"e-n-accordion-item-9371\" class=\"elementor-element elementor-element-784dbd0 e-con-full e-flex e-con e-child\" data-id=\"784dbd0\" data-element_type=\"container\" data-e-type=\"container\">\n\t\t\t\t<div class=\"elementor-element elementor-element-526724d elementor-widget__width-initial elementor-widget elementor-widget-text-editor\" data-id=\"526724d\" data-element_type=\"widget\" data-e-type=\"widget\" data-widget_type=\"text-editor.default\">\n\t\t\t\t\t\t\t\t\t<div class=\"page\" title=\"Page 8\"><div class=\"section\"><div class=\"layoutArea\"><div class=\"column\"><p>From a beginner\u2019s mind approach emerges our skills for conquering immersive processes.<\/p><\/div><\/div><\/div><\/div>\t\t\t\t\t\t\t\t<\/div>\n\t\t\t\t<\/div>\n\t\t\t\t\t<\/details>\n\t\t\t\t\t\t<details id=\"e-n-accordion-item-9372\" class=\"e-n-accordion-item\" >\n\t\t\t\t<summary class=\"e-n-accordion-item-title\" data-accordion-index=\"3\" tabindex=\"-1\" aria-expanded=\"false\" aria-controls=\"e-n-accordion-item-9372\" >\n\t\t\t\t\t<span class='e-n-accordion-item-title-header'><div class=\"e-n-accordion-item-title-text\"> HOLISTIC <\/div><\/span>\n\t\t\t\t\t\t\t\t\t<\/summary>\n\t\t\t\t<div role=\"region\" aria-labelledby=\"e-n-accordion-item-9372\" class=\"elementor-element elementor-element-ffb5990 e-con-full e-flex e-con e-child\" data-id=\"ffb5990\" data-element_type=\"container\" data-e-type=\"container\">\n\t\t\t\t<div class=\"elementor-element elementor-element-dbb2469 elementor-widget__width-initial elementor-widget elementor-widget-text-editor\" data-id=\"dbb2469\" data-element_type=\"widget\" data-e-type=\"widget\" data-widget_type=\"text-editor.default\">\n\t\t\t\t\t\t\t\t\t<p>Discovering space, human, nature connection.<\/p>\t\t\t\t\t\t\t\t<\/div>\n\t\t\t\t<\/div>\n\t\t\t\t\t<\/details>\n\t\t\t\t\t\t<details id=\"e-n-accordion-item-9373\" class=\"e-n-accordion-item\" >\n\t\t\t\t<summary class=\"e-n-accordion-item-title\" data-accordion-index=\"4\" tabindex=\"-1\" aria-expanded=\"false\" aria-controls=\"e-n-accordion-item-9373\" >\n\t\t\t\t\t<span class='e-n-accordion-item-title-header'><div class=\"e-n-accordion-item-title-text\"> TRANSCENDENT <\/div><\/span>\n\t\t\t\t\t\t\t\t\t<\/summary>\n\t\t\t\t<div role=\"region\" aria-labelledby=\"e-n-accordion-item-9373\" class=\"elementor-element elementor-element-12d89a9 e-con-full e-flex e-con e-child\" data-id=\"12d89a9\" data-element_type=\"container\" data-e-type=\"container\">\n\t\t\t\t<div class=\"elementor-element elementor-element-b29aadf elementor-widget__width-initial elementor-widget elementor-widget-text-editor\" data-id=\"b29aadf\" data-element_type=\"widget\" data-e-type=\"widget\" data-widget_type=\"text-editor.default\">\n\t\t\t\t\t\t\t\t\t<p>Imagining long lasting impact.<\/p>\t\t\t\t\t\t\t\t<\/div>\n\t\t\t\t<\/div>\n\t\t\t\t\t<\/details>\n\t\t\t\t\t<\/div>\n\t\t\t\t\t\t<\/div>\n\t\t\t\t<div class=\"elementor-element elementor-element-8be9a7b elementor-widget elementor-widget-heading\" data-id=\"8be9a7b\" data-element_type=\"widget\" data-e-type=\"widget\" data-widget_type=\"heading.default\">\n\t\t\t\t\t<h2 class=\"elementor-heading-title elementor-size-default\"><a href=\"https:\/\/voidcr.com\/philosophy\/\">Read more<\/a><\/h2>\t\t\t\t<\/div>\n\t\t\t\t<\/div>\n\t\t\t\t<\/div>\n\t\t\t\t\t<\/div>\n\t\t\t\t<\/div>\n\t\t<div class=\"elementor-element elementor-element-cdbd389 e-flex e-con-boxed elementor-invisible e-con e-parent\" data-id=\"cdbd389\" data-element_type=\"container\" data-e-type=\"container\" data-settings=\"{&quot;animation&quot;:&quot;fadeIn&quot;}\">\n\t\t\t\t\t<div class=\"e-con-inner\">\n\t\t<div class=\"elementor-element elementor-element-c41623d e-con-full e-flex e-con e-child\" data-id=\"c41623d\" data-element_type=\"container\" data-e-type=\"container\">\n\t\t<div class=\"elementor-element elementor-element-d8eb35a e-con-full e-flex e-con e-child\" data-id=\"d8eb35a\" data-element_type=\"container\" data-e-type=\"container\">\n\t\t\t\t<div class=\"elementor-element elementor-element-f72b624 elementor-widget elementor-widget-heading\" data-id=\"f72b624\" data-element_type=\"widget\" data-e-type=\"widget\" data-widget_type=\"heading.default\">\n\t\t\t\t\t<h2 class=\"elementor-heading-title elementor-size-default\">OUR HIGHLIGHTED PROJECTS<\/h2>\t\t\t\t<\/div>\n\t\t\t\t<div class=\"elementor-element elementor-element-fc19b62 elementor-widget elementor-widget-taxonomy-filter\" data-id=\"fc19b62\" data-element_type=\"widget\" data-e-type=\"widget\" data-settings=\"{&quot;selected_element&quot;:&quot;65e3a09&quot;,&quot;taxonomy&quot;:&quot;post_tag&quot;}\" data-widget_type=\"taxonomy-filter.default\">\n\t\t\t\t\t\t\t<search class=\"e-filter\" role=\"search\" data-base-url=\"https:\/\/voidcr.com\/es\/\" data-page-num=\"1\">\n\t\t\t\t\t\t\t<button class=\"e-filter-item\" data-filter=\"artflower\" aria-pressed=\"false\">Artflower<\/button>\n\t\t\t\t\t\t\t<button class=\"e-filter-item\" data-filter=\"awake\" aria-pressed=\"false\">Awake<\/button>\n\t\t\t\t\t\t\t<button class=\"e-filter-item\" data-filter=\"casa-seis-patios\" aria-pressed=\"false\">Casa Seis Patios<\/button>\n\t\t\t\n\t\t\t\t\t\t\t\t<\/search>\n\t\t\t\t\t\t<\/div>\n\t\t\t\t<\/div>\n\t\t<div class=\"elementor-element elementor-element-55ae309 e-con-full e-flex e-con e-child\" data-id=\"55ae309\" data-element_type=\"container\" data-e-type=\"container\">\n\t\t\t\t<div class=\"elementor-element elementor-element-65e3a09 elementor-grid-1 elementor-grid-tablet-1 elementor-grid-mobile-1 elementor-widget elementor-widget-loop-grid\" data-id=\"65e3a09\" data-element_type=\"widget\" data-e-type=\"widget\" data-settings=\"{&quot;template_id&quot;:1569,&quot;columns&quot;:1,&quot;columns_tablet&quot;:1,&quot;_skin&quot;:&quot;post&quot;,&quot;columns_mobile&quot;:&quot;1&quot;,&quot;edit_handle_selector&quot;:&quot;[data-elementor-type=\\&quot;loop-item\\&quot;]&quot;,&quot;row_gap&quot;:{&quot;unit&quot;:&quot;px&quot;,&quot;size&quot;:&quot;&quot;,&quot;sizes&quot;:[]},&quot;row_gap_tablet&quot;:{&quot;unit&quot;:&quot;px&quot;,&quot;size&quot;:&quot;&quot;,&quot;sizes&quot;:[]},&quot;row_gap_mobile&quot;:{&quot;unit&quot;:&quot;px&quot;,&quot;size&quot;:&quot;&quot;,&quot;sizes&quot;:[]}}\" data-widget_type=\"loop-grid.post\">\n\t\t\t\t<div class=\"elementor-widget-container\">\n\t\t\t\t\t\t\t<div class=\"elementor-loop-container elementor-grid\" role=\"list\">\n\t\t<style id=\"loop-1569\">.elementor-1569 .elementor-element.elementor-element-eebf83f{--display:flex;--padding-top:0px;--padding-bottom:0px;--padding-left:0px;--padding-right:0px;}.elementor-1569 .elementor-element.elementor-element-eebf83f.e-con{--flex-grow:0;--flex-shrink:0;}.elementor-widget-theme-post-featured-image .widget-image-caption{color:var( --e-global-color-text );font-family:var( --e-global-typography-text-font-family ), Sans-serif;font-weight:var( --e-global-typography-text-font-weight );}.elementor-1569 .elementor-element.elementor-element-c23c9a4{text-align:start;}.elementor-1569 .elementor-element.elementor-element-c23c9a4 img{width:100%;}.elementor-widget-theme-post-title .elementor-heading-title{font-family:var( --e-global-typography-primary-font-family ), Sans-serif;font-weight:var( --e-global-typography-primary-font-weight );color:var( --e-global-color-primary );}.elementor-1569 .elementor-element.elementor-element-8dd61ff{text-align:start;margin:0px 0px calc(var(--kit-widget-spacing, 0px) + -20px) 0px;}.elementor-1569 .elementor-element.elementor-element-8dd61ff .elementor-heading-title{font-family:\"VCR\", Sans-serif;font-size:54px;font-weight:normal;text-transform:uppercase;color:var( --e-global-color-text );}.elementor-widget-text-editor{font-family:var( --e-global-typography-text-font-family ), Sans-serif;font-weight:var( --e-global-typography-text-font-weight );color:var( --e-global-color-text );}.elementor-widget-text-editor.elementor-drop-cap-view-stacked .elementor-drop-cap{background-color:var( --e-global-color-primary );}.elementor-widget-text-editor.elementor-drop-cap-view-framed .elementor-drop-cap, .elementor-widget-text-editor.elementor-drop-cap-view-default .elementor-drop-cap{color:var( --e-global-color-primary );border-color:var( --e-global-color-primary );}.elementor-1569 .elementor-element.elementor-element-db25ced{text-align:start;font-family:\"VCR2\", Sans-serif;font-size:24px;font-weight:400;letter-spacing:-0.1px;margin:0px 0px calc(var(--kit-widget-spacing, 0px) + 00px) 0px;}.elementor-widget-heading .elementor-heading-title{font-family:var( --e-global-typography-primary-font-family ), Sans-serif;font-weight:var( --e-global-typography-primary-font-weight );color:var( --e-global-color-primary );}.elementor-1569 .elementor-element.elementor-element-b7b7a34{text-align:start;}.elementor-1569 .elementor-element.elementor-element-b7b7a34 .elementor-heading-title{font-family:\"Work Sans\", Sans-serif;font-size:16px;font-weight:400;text-decoration:underline;color:#1E3B27;}@media(max-width:1024px){.elementor-1569 .elementor-element.elementor-element-eebf83f{--padding-top:0px;--padding-bottom:0px;--padding-left:0px;--padding-right:0px;}.elementor-1569 .elementor-element.elementor-element-c23c9a4 img{width:100%;}.elementor-1569 .elementor-element.elementor-element-8dd61ff .elementor-heading-title{font-size:46px;}.elementor-1569 .elementor-element.elementor-element-db25ced{font-size:22px;}.elementor-1569 .elementor-element.elementor-element-b7b7a34 .elementor-heading-title{font-size:16px;}}@media(min-width:768px){.elementor-1569 .elementor-element.elementor-element-eebf83f{--width:100%;}}@media(max-width:1024px) and (min-width:768px){.elementor-1569 .elementor-element.elementor-element-eebf83f{--width:100%;}}@media(max-width:767px){.elementor-1569 .elementor-element.elementor-element-eebf83f{--width:100%;--padding-top:0px;--padding-bottom:0px;--padding-left:0px;--padding-right:0px;}.elementor-1569 .elementor-element.elementor-element-c23c9a4{text-align:start;}.elementor-1569 .elementor-element.elementor-element-c23c9a4 img{width:100%;max-width:100%;}.elementor-1569 .elementor-element.elementor-element-c23c9a4.elementor-element{--align-self:stretch;}.elementor-1569 .elementor-element.elementor-element-8dd61ff .elementor-heading-title{font-size:38px;}.elementor-1569 .elementor-element.elementor-element-db25ced{font-size:20px;}.elementor-1569 .elementor-element.elementor-element-b7b7a34 .elementor-heading-title{font-size:14px;}}<\/style>\t\t<div data-elementor-type=\"loop-item\" data-elementor-id=\"1569\" class=\"elementor elementor-1569 e-loop-item e-loop-item-1600 post-1600 post type-post status-publish format-standard has-post-thumbnail hentry category-highlight category-hospitality-wellness tag-artflower\" data-elementor-post-type=\"elementor_library\" data-custom-edit-handle=\"1\">\n\t\t\t<div class=\"elementor-element elementor-element-eebf83f e-con-full e-flex elementor-invisible e-con e-parent\" data-id=\"eebf83f\" data-element_type=\"container\" data-e-type=\"container\" data-settings=\"{&quot;animation&quot;:&quot;fadeIn&quot;}\">\n\t\t\t\t<div class=\"elementor-element elementor-element-c23c9a4 elementor-widget elementor-widget-theme-post-featured-image elementor-widget-image\" data-id=\"c23c9a4\" data-element_type=\"widget\" data-e-type=\"widget\" data-widget_type=\"theme-post-featured-image.default\">\n\t\t\t\t\t\t\t\t\t\t\t\t\t\t\t\t<a href=\"https:\/\/voidcr.com\/es\/artflower\/\">\n\t\t\t\t\t\t\t<img fetchpriority=\"high\" decoding=\"async\" width=\"1440\" height=\"960\" src=\"https:\/\/voidcr.com\/wp-content\/uploads\/2025\/09\/ARTFLOWER-Cover.jpg\" class=\"attachment-full size-full wp-image-1601\" alt=\"\" srcset=\"https:\/\/voidcr.com\/wp-content\/uploads\/2025\/09\/ARTFLOWER-Cover.jpg 1440w, https:\/\/voidcr.com\/wp-content\/uploads\/2025\/09\/ARTFLOWER-Cover-300x200.jpg 300w, https:\/\/voidcr.com\/wp-content\/uploads\/2025\/09\/ARTFLOWER-Cover-1024x683.jpg 1024w, https:\/\/voidcr.com\/wp-content\/uploads\/2025\/09\/ARTFLOWER-Cover-768x512.jpg 768w, https:\/\/voidcr.com\/wp-content\/uploads\/2025\/09\/ARTFLOWER-Cover-18x12.jpg 18w, https:\/\/voidcr.com\/wp-content\/uploads\/2025\/09\/ARTFLOWER-Cover-20x13.jpg 20w\" sizes=\"(max-width: 1440px) 100vw, 1440px\" \/>\t\t\t\t\t\t\t\t<\/a>\n\t\t\t\t\t\t\t\t\t\t\t\t\t\t\t<\/div>\n\t\t\t\t<div class=\"elementor-element elementor-element-8dd61ff elementor-widget elementor-widget-theme-post-title elementor-page-title elementor-widget-heading\" data-id=\"8dd61ff\" data-element_type=\"widget\" data-e-type=\"widget\" data-widget_type=\"theme-post-title.default\">\n\t\t\t\t\t<h1 class=\"elementor-heading-title elementor-size-default\"><a href=\"https:\/\/voidcr.com\/es\/artflower\/\">Artflower<\/a><\/h1>\t\t\t\t<\/div>\n\t\t\t\t<div class=\"elementor-element elementor-element-db25ced elementor-widget elementor-widget-text-editor\" data-id=\"db25ced\" data-element_type=\"widget\" data-e-type=\"widget\" data-widget_type=\"text-editor.default\">\n\t\t\t\t\t\t\t\t\tEl Coco, Guanacaste, Costa Rica\t\t\t\t\t\t\t\t<\/div>\n\t\t\t\t<div class=\"elementor-element elementor-element-b7b7a34 elementor-widget elementor-widget-heading\" data-id=\"b7b7a34\" data-element_type=\"widget\" data-e-type=\"widget\" data-widget_type=\"heading.default\">\n\t\t\t\t\t<h2 class=\"elementor-heading-title elementor-size-default\"><a href=\"https:\/\/voidcr.com\/es\/artflower\/\">See More<\/a><\/h2>\t\t\t\t<\/div>\n\t\t\t\t<\/div>\n\t\t\t\t<\/div>\n\t\t\t\t<\/div>\n\t\t\n\t\t\t\t\t\t<\/div>\n\t\t\t\t<\/div>\n\t\t\t\t<\/div>\n\t\t\t\t<\/div>\n\t\t\t\t\t<\/div>\n\t\t\t\t<\/div>\n\t\t\t\t<\/div>\n\t\t","protected":false},"excerpt":{"rendered":"<p>We are a global design practice, consciously driven by the interaction between humans and nature. EXPERTISE Architecture Land Planning Interior Design Landscape Design Sustainability Studies Feasibility Studies See Work REGENERATIVE We believe that regenerative architecture is essential for shaping the future of sustainability. EMERGENT From a beginner\u2019s mind approach emerges our skills for conquering immersive [&hellip;]<\/p>\n","protected":false},"author":1,"featured_media":0,"parent":0,"menu_order":0,"comment_status":"closed","ping_status":"closed","template":"elementor_header_footer","meta":{"_acf_changed":false,"footnotes":""},"class_list":["post-1557","page","type-page","status-publish","hentry"],"acf":[],"yoast_head":"<!-- This site is optimized with the Yoast SEO plugin v27.3 - https:\/\/yoast.com\/product\/yoast-seo-wordpress\/ -->\n<title>VOID | Regenerative Architecture Costa Rica &amp; Sustainable Design<\/title>\n<meta name=\"description\" content=\"Global practice integrating land planning, landscape design, and sustainable architecture Costa Rica to shape regenerative environments.\" \/>\n<meta name=\"robots\" content=\"index, follow, max-snippet:-1, max-image-preview:large, max-video-preview:-1\" \/>\n<link rel=\"canonical\" href=\"https:\/\/voidcr.com\/es\/\" \/>\n<meta property=\"og:locale\" content=\"es_ES\" \/>\n<meta property=\"og:type\" content=\"article\" \/>\n<meta property=\"og:title\" content=\"VOID | Regenerative Architecture Costa Rica &amp; Sustainable Design\" \/>\n<meta property=\"og:description\" content=\"Global practice integrating land planning, landscape design, and sustainable architecture Costa Rica to shape regenerative environments.\" \/>\n<meta property=\"og:url\" content=\"https:\/\/voidcr.com\/es\/\" \/>\n<meta property=\"og:site_name\" content=\"Void\" \/>\n<meta property=\"article:publisher\" content=\"https:\/\/www.facebook.com\/voidcr\/\" \/>\n<meta property=\"article:modified_time\" content=\"2026-02-25T18:19:29+00:00\" \/>\n<meta name=\"twitter:card\" content=\"summary_large_image\" \/>\n<meta name=\"twitter:label1\" content=\"Est. reading time\" \/>\n\t<meta name=\"twitter:data1\" content=\"1 minuto\" \/>\n<!-- \/ Yoast SEO plugin. -->","yoast_head_json":{"title":"VOID | Arquitectura Regenerativa Costa Rica y Dise\u00f1o Sostenible","description":"Firma en Costa Rica que integra arquitectura sostenible, planificaci\u00f3n territorial y dise\u00f1o paisaj\u00edstico para crear proyectos regenerativos.","robots":{"index":"index","follow":"follow","max-snippet":"max-snippet:-1","max-image-preview":"max-image-preview:large","max-video-preview":"max-video-preview:-1"},"canonical":"https:\/\/voidcr.com\/es\/","og_locale":"es_ES","og_type":"article","og_title":"VOID | Regenerative Architecture Costa Rica & Sustainable Design","og_description":"Global practice integrating land planning, landscape design, and sustainable architecture Costa Rica to shape regenerative environments.","og_url":"https:\/\/voidcr.com\/es\/","og_site_name":"Void","article_publisher":"https:\/\/www.facebook.com\/voidcr\/","article_modified_time":"2026-02-25T18:19:29+00:00","twitter_card":"summary_large_image","twitter_misc":{"Est. reading time":"1 minuto"},"schema":{"@context":"https:\/\/schema.org","@graph":[{"@type":"WebPage","@id":"https:\/\/voidcr.com\/","url":"https:\/\/voidcr.com\/","name":"VOID | Arquitectura Regenerativa Costa Rica y Dise\u00f1o Sostenible","isPartOf":{"@id":"https:\/\/voidcr.com\/#website"},"datePublished":"2025-10-14T22:24:02+00:00","dateModified":"2026-02-25T18:19:29+00:00","description":"Firma en Costa Rica que integra arquitectura sostenible, planificaci\u00f3n territorial y dise\u00f1o paisaj\u00edstico para crear proyectos regenerativos.","breadcrumb":{"@id":"https:\/\/voidcr.com\/#breadcrumb"},"inLanguage":"es-CR","potentialAction":[{"@type":"ReadAction","target":["https:\/\/voidcr.com\/"]}]},{"@type":"BreadcrumbList","@id":"https:\/\/voidcr.com\/#breadcrumb","itemListElement":[{"@type":"ListItem","position":1,"name":"Portada","item":"https:\/\/voidcr.com\/"},{"@type":"ListItem","position":2,"name":"Home"}]},{"@type":"WebSite","@id":"https:\/\/voidcr.com\/#website","url":"https:\/\/voidcr.com\/","name":"Void","description":"Void CR","publisher":{"@id":"https:\/\/voidcr.com\/#organization"},"potentialAction":[{"@type":"SearchAction","target":{"@type":"EntryPoint","urlTemplate":"https:\/\/voidcr.com\/?s={search_term_string}"},"query-input":{"@type":"PropertyValueSpecification","valueRequired":true,"valueName":"search_term_string"}}],"inLanguage":"es-CR"},{"@type":"Organization","@id":"https:\/\/voidcr.com\/#organization","name":"Void","url":"https:\/\/voidcr.com\/","logo":{"@type":"ImageObject","inLanguage":"es-CR","@id":"https:\/\/voidcr.com\/#\/schema\/logo\/image\/","url":"https:\/\/voidcr.com\/wp-content\/uploads\/2025\/09\/Void-Icono-V2.png","contentUrl":"https:\/\/voidcr.com\/wp-content\/uploads\/2025\/09\/Void-Icono-V2.png","width":1080,"height":1247,"caption":"Void"},"image":{"@id":"https:\/\/voidcr.com\/#\/schema\/logo\/image\/"},"sameAs":["https:\/\/www.facebook.com\/voidcr\/","https:\/\/www.instagram.com\/void_cr\/"]}]}},"_links":{"self":[{"href":"https:\/\/voidcr.com\/es\/wp-json\/wp\/v2\/pages\/1557","targetHints":{"allow":["GET"]}}],"collection":[{"href":"https:\/\/voidcr.com\/es\/wp-json\/wp\/v2\/pages"}],"about":[{"href":"https:\/\/voidcr.com\/es\/wp-json\/wp\/v2\/types\/page"}],"author":[{"embeddable":true,"href":"https:\/\/voidcr.com\/es\/wp-json\/wp\/v2\/users\/1"}],"replies":[{"embeddable":true,"href":"https:\/\/voidcr.com\/es\/wp-json\/wp\/v2\/comments?post=1557"}],"version-history":[{"count":75,"href":"https:\/\/voidcr.com\/es\/wp-json\/wp\/v2\/pages\/1557\/revisions"}],"predecessor-version":[{"id":3081,"href":"https:\/\/voidcr.com\/es\/wp-json\/wp\/v2\/pages\/1557\/revisions\/3081"}],"wp:attachment":[{"href":"https:\/\/voidcr.com\/es\/wp-json\/wp\/v2\/media?parent=1557"}],"curies":[{"name":"wp","href":"https:\/\/api.w.org\/{rel}","templated":true}]}}