{"id":2954,"date":"2026-02-12T21:40:34","date_gmt":"2026-02-12T21:40:34","guid":{"rendered":"https:\/\/voidcr.com\/?page_id=2954"},"modified":"2026-02-18T20:26:13","modified_gmt":"2026-02-18T20:26:13","slug":"blogs","status":"publish","type":"page","link":"https:\/\/voidcr.com\/es\/blogs\/","title":{"rendered":"blogs"},"content":{"rendered":"<div data-elementor-type=\"wp-page\" data-elementor-id=\"2954\" class=\"elementor elementor-2954\" data-elementor-post-type=\"page\">\n\t\t\t\t<div class=\"elementor-element elementor-element-531c8f0 e-flex e-con-boxed e-con e-parent\" data-id=\"531c8f0\" data-element_type=\"container\" data-e-type=\"container\">\n\t\t\t\t\t<div class=\"e-con-inner\">\n\t\t\t\t<div class=\"elementor-element elementor-element-8dc93ed elementor-widget elementor-widget-text-editor\" data-id=\"8dc93ed\" data-element_type=\"widget\" data-e-type=\"widget\" data-widget_type=\"text-editor.default\">\n\t\t\t\t\t\t\t\t\t<p>Art\u00edculos<\/p>\t\t\t\t\t\t\t\t<\/div>\n\t\t\t\t<div class=\"elementor-element elementor-element-e1bda08 elementor-grid-1 elementor-grid-tablet-2 elementor-grid-mobile-1 elementor-posts--thumbnail-top elementor-widget elementor-widget-posts\" data-id=\"e1bda08\" data-element_type=\"widget\" data-e-type=\"widget\" data-settings=\"{&quot;classic_columns&quot;:&quot;1&quot;,&quot;classic_columns_tablet&quot;:&quot;2&quot;,&quot;classic_columns_mobile&quot;:&quot;1&quot;,&quot;classic_row_gap&quot;:{&quot;unit&quot;:&quot;px&quot;,&quot;size&quot;:35,&quot;sizes&quot;:[]},&quot;classic_row_gap_tablet&quot;:{&quot;unit&quot;:&quot;px&quot;,&quot;size&quot;:&quot;&quot;,&quot;sizes&quot;:[]},&quot;classic_row_gap_mobile&quot;:{&quot;unit&quot;:&quot;px&quot;,&quot;size&quot;:&quot;&quot;,&quot;sizes&quot;:[]}}\" data-widget_type=\"posts.classic\">\n\t\t\t\t<div class=\"elementor-widget-container\">\n\t\t\t\t\t\t\t<div class=\"elementor-posts-container elementor-posts elementor-posts--skin-classic elementor-grid\" role=\"list\">\n\t\t\t\t<article class=\"elementor-post elementor-grid-item post-3109 article type-article status-publish hentry\" role=\"listitem\">\n\t\t\t\t<div class=\"elementor-post__text\">\n\t\t\t\t<h3 class=\"elementor-post__title\">\n\t\t\t<a href=\"https:\/\/voidcr.com\/es\/article\/void-regenerative-architecture-integrating-design-and-landscape\/\" >\n\t\t\t\tArquitectura Regenerativa con Visi\u00f3n Hol\u00edstica: desde el territorio hasta el interior\t\t\t<\/a>\n\t\t<\/h3>\n\t\t\t\t<div class=\"elementor-post__meta-data\">\n\t\t\t\t\t<span class=\"elementor-post-date\">\n\t\t\t27 marzo 2026\t\t<\/span>\n\t\t\t\t<\/div>\n\t\t\t\t<div class=\"elementor-post__excerpt\">\n\t\t\t<p>Cada proyecto en VOID comienza con una postura: dise\u00f1ar es el proceso de planificar, organizar y crear las ideas informadas a partir de una adecuada lectura del lugar y con responsabilidad. Por eso, la diferencia de VOID no est\u00e1 \u00fanicamente en lo que hace, sino en c\u00f3mo lo hace.<\/p>\n\t\t<\/div>\n\t\t\n\t\t<a class=\"elementor-post__read-more\" href=\"https:\/\/voidcr.com\/es\/article\/void-regenerative-architecture-integrating-design-and-landscape\/\" aria-label=\"Read more about Regenerative Architecture with a Holistic Vision: From Territory to Interior Experience\" tabindex=\"-1\" >\n\t\t\tLeer m\u00e1s\t\t<\/a>\n\n\t\t\t\t<\/div>\n\t\t\t\t<\/article>\n\t\t\t\t<article class=\"elementor-post elementor-grid-item post-2984 article type-article status-publish hentry\" role=\"listitem\">\n\t\t\t\t<div class=\"elementor-post__text\">\n\t\t\t\t<h3 class=\"elementor-post__title\">\n\t\t\t<a href=\"https:\/\/voidcr.com\/es\/article\/void-architecture-that-reveals-the-relationship-between-humans-and-nature\/\" >\n\t\t\t\tVOID: Arquitectura que revela la relaci\u00f3n entre el ser humano y la naturaleza\t\t\t<\/a>\n\t\t<\/h3>\n\t\t\t\t<div class=\"elementor-post__meta-data\">\n\t\t\t\t\t<span class=\"elementor-post-date\">\n\t\t\t12 febrero 2026\t\t<\/span>\n\t\t\t\t<\/div>\n\t\t\t\t<div class=\"elementor-post__excerpt\">\n\t\t\t<p>VOID: Architecture That Reveals the Relationship Between Humans and Nature\u00a0 Beyond the Architectural Object Our planet is facing a moment defined by climate crisis, accelerated urban growth, and a growing disconnection between people and their natural environment. In this context,<\/p>\n\t\t<\/div>\n\t\t\n\t\t<a class=\"elementor-post__read-more\" href=\"https:\/\/voidcr.com\/es\/article\/void-architecture-that-reveals-the-relationship-between-humans-and-nature\/\" aria-label=\"Read more about VOID: Architecture That Reveals the Relationship Between Humans and Nature\" tabindex=\"-1\" >\n\t\t\tLeer m\u00e1s\t\t<\/a>\n\n\t\t\t\t<\/div>\n\t\t\t\t<\/article>\n\t\t\t\t<\/div>\n\t\t\n\t\t\t\t\t\t<\/div>\n\t\t\t\t<\/div>\n\t\t\t\t\t<\/div>\n\t\t\t\t<\/div>\n\t\t<div class=\"elementor-element elementor-element-9f837d1 e-flex e-con-boxed e-con e-parent\" data-id=\"9f837d1\" data-element_type=\"container\" data-e-type=\"container\">\n\t\t\t\t\t<div class=\"e-con-inner\">\n\t\t\t\t\t<\/div>\n\t\t\t\t<\/div>\n\t\t\t\t<\/div>","protected":false},"excerpt":{"rendered":"<p>Art\u00edculos<\/p>","protected":false},"author":2,"featured_media":0,"parent":0,"menu_order":0,"comment_status":"closed","ping_status":"closed","template":"elementor_header_footer","meta":{"_acf_changed":false,"footnotes":""},"class_list":["post-2954","page","type-page","status-publish","hentry"],"acf":[],"yoast_head":"<!-- This site is optimized with the Yoast SEO plugin v27.4 - https:\/\/yoast.com\/product\/yoast-seo-wordpress\/ -->\n<title>blogs - Void<\/title>\n<meta name=\"robots\" content=\"index, follow, max-snippet:-1, max-image-preview:large, max-video-preview:-1\" \/>\n<link rel=\"canonical\" href=\"https:\/\/voidcr.com\/es\/blogs\/\" \/>\n<meta property=\"og:locale\" content=\"es_ES\" \/>\n<meta property=\"og:type\" content=\"article\" \/>\n<meta property=\"og:title\" content=\"blogs - Void\" \/>\n<meta property=\"og:description\" content=\"Articles\" \/>\n<meta property=\"og:url\" content=\"https:\/\/voidcr.com\/es\/blogs\/\" \/>\n<meta property=\"og:site_name\" content=\"Void\" \/>\n<meta property=\"article:publisher\" content=\"https:\/\/www.facebook.com\/voidcr\/\" \/>\n<meta property=\"article:modified_time\" content=\"2026-02-18T20:26:13+00:00\" \/>\n<meta name=\"twitter:card\" content=\"summary_large_image\" \/>\n<meta name=\"twitter:label1\" content=\"Est. reading time\" \/>\n\t<meta name=\"twitter:data1\" content=\"1 minuto\" \/>\n<!-- \/ Yoast SEO plugin. -->","yoast_head_json":{"title":"blogs - Void","robots":{"index":"index","follow":"follow","max-snippet":"max-snippet:-1","max-image-preview":"max-image-preview:large","max-video-preview":"max-video-preview:-1"},"canonical":"https:\/\/voidcr.com\/es\/blogs\/","og_locale":"es_ES","og_type":"article","og_title":"blogs - Void","og_description":"Articles","og_url":"https:\/\/voidcr.com\/es\/blogs\/","og_site_name":"Void","article_publisher":"https:\/\/www.facebook.com\/voidcr\/","article_modified_time":"2026-02-18T20:26:13+00:00","twitter_card":"summary_large_image","twitter_misc":{"Est. reading time":"1 minuto"},"schema":{"@context":"https:\/\/schema.org","@graph":[{"@type":"WebPage","@id":"https:\/\/voidcr.com\/blogs\/","url":"https:\/\/voidcr.com\/blogs\/","name":"blogs - Void","isPartOf":{"@id":"https:\/\/voidcr.com\/#website"},"datePublished":"2026-02-12T21:40:34+00:00","dateModified":"2026-02-18T20:26:13+00:00","breadcrumb":{"@id":"https:\/\/voidcr.com\/blogs\/#breadcrumb"},"inLanguage":"es-CR","potentialAction":[{"@type":"ReadAction","target":["https:\/\/voidcr.com\/blogs\/"]}]},{"@type":"BreadcrumbList","@id":"https:\/\/voidcr.com\/blogs\/#breadcrumb","itemListElement":[{"@type":"ListItem","position":1,"name":"Portada","item":"https:\/\/voidcr.com\/"},{"@type":"ListItem","position":2,"name":"blogs"}]},{"@type":"WebSite","@id":"https:\/\/voidcr.com\/#website","url":"https:\/\/voidcr.com\/","name":"Void","description":"Void CR","publisher":{"@id":"https:\/\/voidcr.com\/#organization"},"potentialAction":[{"@type":"SearchAction","target":{"@type":"EntryPoint","urlTemplate":"https:\/\/voidcr.com\/?s={search_term_string}"},"query-input":{"@type":"PropertyValueSpecification","valueRequired":true,"valueName":"search_term_string"}}],"inLanguage":"es-CR"},{"@type":"Organization","@id":"https:\/\/voidcr.com\/#organization","name":"Void","url":"https:\/\/voidcr.com\/","logo":{"@type":"ImageObject","inLanguage":"es-CR","@id":"https:\/\/voidcr.com\/#\/schema\/logo\/image\/","url":"https:\/\/voidcr.com\/wp-content\/uploads\/2025\/09\/Void-Icono-V2.png","contentUrl":"https:\/\/voidcr.com\/wp-content\/uploads\/2025\/09\/Void-Icono-V2.png","width":1080,"height":1247,"caption":"Void"},"image":{"@id":"https:\/\/voidcr.com\/#\/schema\/logo\/image\/"},"sameAs":["https:\/\/www.facebook.com\/voidcr\/","https:\/\/www.instagram.com\/void_cr\/"]}]}},"_links":{"self":[{"href":"https:\/\/voidcr.com\/es\/wp-json\/wp\/v2\/pages\/2954","targetHints":{"allow":["GET"]}}],"collection":[{"href":"https:\/\/voidcr.com\/es\/wp-json\/wp\/v2\/pages"}],"about":[{"href":"https:\/\/voidcr.com\/es\/wp-json\/wp\/v2\/types\/page"}],"author":[{"embeddable":true,"href":"https:\/\/voidcr.com\/es\/wp-json\/wp\/v2\/users\/2"}],"replies":[{"embeddable":true,"href":"https:\/\/voidcr.com\/es\/wp-json\/wp\/v2\/comments?post=2954"}],"version-history":[{"count":49,"href":"https:\/\/voidcr.com\/es\/wp-json\/wp\/v2\/pages\/2954\/revisions"}],"predecessor-version":[{"id":3127,"href":"https:\/\/voidcr.com\/es\/wp-json\/wp\/v2\/pages\/2954\/revisions\/3127"}],"wp:attachment":[{"href":"https:\/\/voidcr.com\/es\/wp-json\/wp\/v2\/media?parent=2954"}],"curies":[{"name":"wp","href":"https:\/\/api.w.org\/{rel}","templated":true}]}}